{"id":195,"date":"2017-04-10T13:17:26","date_gmt":"2017-04-10T11:17:26","guid":{"rendered":"http:\/\/red-bloody-ink.de\/?page_id=195"},"modified":"2017-04-21T09:11:21","modified_gmt":"2017-04-21T07:11:21","slug":"startseite-2","status":"publish","type":"page","link":"http:\/\/kanzlei-wolf-partner.de\/portal\/","title":{"rendered":"Willkommen"},"content":{"rendered":"<div id=\"pl-195\"  class=\"panel-layout\" ><div id=\"pg-195-0\"  class=\"panel-grid panel-no-style\" ><div id=\"pgc-195-0-0\"  class=\"panel-grid-cell\" ><div id=\"panel-195-0-0-0\" class=\"so-panel widget widget_sow-features panel-first-child panel-last-child\" data-index=\"0\" ><div class=\"panel-widget-style panel-widget-style-for-195-0-0-0\" ><div class=\"so-widget-sow-features so-widget-sow-features-default-11dccac117dd\">\n<div class=\"sow-features-list sow-features-responsive\">\n\n\t\t\t\n\t\t\t<div class=\"sow-features-feature sow-icon-container-position-top sow-features-feature-last-row\" style=\"width: 100%\">\n\n\t\t\t\t\t\t\t\t<div\n\t\t\t\t\tclass=\"sow-icon-container sow-container-round\"\n                    style=\"color: #eaeaea; \"\n\t\t\t\t\t>\n\t\t\t\t\t<span class=\"sow-icon-fontawesome sow-fas\" data-sow-icon=\"&#xf3d1;\"\n\t\tstyle=\"font-size: 24px; color: #81d742\" ><\/span>\t\t\t\t<\/div>\n\t\t\t\t\n\t\t\t\t<div class=\"textwidget\">\n\t\t\t\t\t\t\t\t\t\t\t<h5>\n\t\t\t\t\t\t\t\t\t\t\t\t\t\tUnternehmerberatung\t\t\t\t\t\t\t\t\t\t\t\t\t<\/h5>\n\t\t\t\t\t\n\t\t\t\t\t\t\t\t\t\t\tSch\u00fctzen Sie Ihr Verm\u00f6gen, sparen Sie Betriebsausgaben\t\t\t\t\t\n\t\t\t\t\t\t\t\t\t\t\t<p class=\"sow-more-text\">\n\t\t\t\t\t\t\t<a href=\"http:\/\/kanzlei-wolf-partner.de\/portal\/asset-protection\/\" >\t\t\t\t\t\t\tLesen Sie mehr ...\t\t\t\t\t\t\t<\/a>\t\t\t\t\t\t<\/p>\n\t\t\t\t\t\t\t\t\t<\/div>\n\t\t\t<\/div>\n\n\t\t\t\n<\/div>\n<\/div><\/div><\/div><\/div><div id=\"pgc-195-0-1\"  class=\"panel-grid-cell\" ><div id=\"panel-195-0-1-0\" class=\"so-panel widget widget_sow-features panel-first-child panel-last-child\" data-index=\"1\" ><div class=\"panel-widget-style panel-widget-style-for-195-0-1-0\" ><div class=\"so-widget-sow-features so-widget-sow-features-default-11dccac117dd\">\n<div class=\"sow-features-list sow-features-responsive\">\n\n\t\t\t\n\t\t\t<div class=\"sow-features-feature sow-icon-container-position-top sow-features-feature-last-row\" style=\"width: 100%\">\n\n\t\t\t\t\t\t\t\t<div\n\t\t\t\t\tclass=\"sow-icon-container sow-container-round\"\n                    style=\"color: #eaeaea; \"\n\t\t\t\t\t>\n\t\t\t\t\t<span class=\"sow-icon-fontawesome sow-far\" data-sow-icon=\"&#xf185;\"\n\t\tstyle=\"font-size: 24px; color: #dd9933\" ><\/span>\t\t\t\t<\/div>\n\t\t\t\t\n\t\t\t\t<div class=\"textwidget\">\n\t\t\t\t\t\t\t\t\t\t\t<h5>\n\t\t\t\t\t\t\t\t\t\t\t\t\t\tSolarenergie\t\t\t\t\t\t\t\t\t\t\t\t\t<\/h5>\n\t\t\t\t\t\n\t\t\t\t\t\t\t\t\t\t\t\u00d6kostrom staatlich gef\u00f6rdert und lukrativ noch dazu!\t\t\t\t\t\n\t\t\t\t\t\t\t\t\t\t\t<p class=\"sow-more-text\">\n\t\t\t\t\t\t\t<a href=\"http:\/\/kanzlei-wolf-partner.de\/portal\/photovoltaik\/\" >\t\t\t\t\t\t\tLesen Sie mehr ...\t\t\t\t\t\t\t<\/a>\t\t\t\t\t\t<\/p>\n\t\t\t\t\t\t\t\t\t<\/div>\n\t\t\t<\/div>\n\n\t\t\t\n<\/div>\n<\/div><\/div><\/div><\/div><div id=\"pgc-195-0-2\"  class=\"panel-grid-cell\" ><div id=\"panel-195-0-2-0\" class=\"so-panel widget widget_sow-features panel-first-child panel-last-child\" data-index=\"2\" ><div class=\"panel-widget-style panel-widget-style-for-195-0-2-0\" ><div class=\"so-widget-sow-features so-widget-sow-features-default-11dccac117dd\">\n<div class=\"sow-features-list sow-features-responsive\">\n\n\t\t\t\n\t\t\t<div class=\"sow-features-feature sow-icon-container-position-top sow-features-feature-last-row\" style=\"width: 100%\">\n\n\t\t\t\t\t\t\t\t<div\n\t\t\t\t\tclass=\"sow-icon-container sow-container-round\"\n                    style=\"color: #eaeaea; \"\n\t\t\t\t\t>\n\t\t\t\t\t<span class=\"sow-icon-fontawesome sow-far\" data-sow-icon=\"&#xf1ad;\"\n\t\tstyle=\"font-size: 24px; color: #adadad\" ><\/span>\t\t\t\t<\/div>\n\t\t\t\t\n\t\t\t\t<div class=\"textwidget\">\n\t\t\t\t\t\t\t\t\t\t\t<h5>\n\t\t\t\t\t\t\t\t\t\t\t\t\t\tImmobilien\t\t\t\t\t\t\t\t\t\t\t\t\t<\/h5>\n\t\t\t\t\t\n\t\t\t\t\t\t\t\t\t\t\tVerm\u00f6gensaufbau durch Immobilien\t\t\t\t\t\n\t\t\t\t\t\t\t\t\t\t\t<p class=\"sow-more-text\">\n\t\t\t\t\t\t\t<a href=\"http:\/\/kanzlei-wolf-partner.de\/portal\/immobilien\/\" >\t\t\t\t\t\t\tLesen Sie mehr ...\t\t\t\t\t\t\t<\/a>\t\t\t\t\t\t<\/p>\n\t\t\t\t\t\t\t\t\t<\/div>\n\t\t\t<\/div>\n\n\t\t\t\n<\/div>\n<\/div><\/div><\/div><\/div><div id=\"pgc-195-0-3\"  class=\"panel-grid-cell\" ><div id=\"panel-195-0-3-0\" class=\"so-panel widget widget_sow-features panel-first-child panel-last-child\" data-index=\"3\" ><div class=\"panel-widget-style panel-widget-style-for-195-0-3-0\" ><div class=\"so-widget-sow-features so-widget-sow-features-default-11dccac117dd\">\n<div class=\"sow-features-list sow-features-responsive\">\n\n\t\t\t\n\t\t\t<div class=\"sow-features-feature sow-icon-container-position-top sow-features-feature-last-row\" style=\"width: 100%\">\n\n\t\t\t\t\t\t\t\t<div\n\t\t\t\t\tclass=\"sow-icon-container sow-container-round\"\n                    style=\"color: #eaeaea; \"\n\t\t\t\t\t>\n\t\t\t\t\t<span class=\"sow-icon-fontawesome sow-fas\" data-sow-icon=\"&#xf21e;\"\n\t\tstyle=\"font-size: 24px; color: #f29587\" ><\/span>\t\t\t\t<\/div>\n\t\t\t\t\n\t\t\t\t<div class=\"textwidget\">\n\t\t\t\t\t\t\t\t\t\t\t<h5>\n\t\t\t\t\t\t\t\t\t\t\t\t\t\tPrivate Krankenversicherung\t\t\t\t\t\t\t\t\t\t\t\t\t<\/h5>\n\t\t\t\t\t\n\t\t\t\t\t\t\t\t\t\t\tKaum einer kennst sich im Tarifdschungel aus. Lassen Sie sich helfen!\t\t\t\t\t\n\t\t\t\t\t\t\t\t\t\t\t<p class=\"sow-more-text\">\n\t\t\t\t\t\t\t<a href=\"http:\/\/kanzlei-wolf-partner.de\/portal\/pkv\/\" >\t\t\t\t\t\t\tLesen Sie mehr ...\t\t\t\t\t\t\t<\/a>\t\t\t\t\t\t<\/p>\n\t\t\t\t\t\t\t\t\t<\/div>\n\t\t\t<\/div>\n\n\t\t\t\n<\/div>\n<\/div><\/div><\/div><\/div><\/div><\/div>","protected":false},"excerpt":{"rendered":"<p>Unternehmerberatung Sch\u00fctzen Sie Ihr Verm\u00f6gen, sparen Sie Betriebsausgaben Lesen Sie mehr &#8230; Solarenergie \u00d6kostrom staatlich gef\u00f6rdert und lukrativ noch dazu! Lesen Sie mehr &#8230; Immobilien Verm\u00f6gensaufbau durch Immobilien Lesen Sie mehr &#8230; Private Krankenversicherung Kaum einer kennst sich im Tarifdschungel aus. Lassen Sie sich helfen! Lesen Sie mehr &#8230;<\/p>\n","protected":false},"author":1,"featured_media":0,"parent":0,"menu_order":0,"comment_status":"closed","ping_status":"closed","template":"","meta":[],"_links":{"self":[{"href":"http:\/\/kanzlei-wolf-partner.de\/portal\/wp-json\/wp\/v2\/pages\/195"}],"collection":[{"href":"http:\/\/kanzlei-wolf-partner.de\/portal\/wp-json\/wp\/v2\/pages"}],"about":[{"href":"http:\/\/kanzlei-wolf-partner.de\/portal\/wp-json\/wp\/v2\/types\/page"}],"author":[{"embeddable":true,"href":"http:\/\/kanzlei-wolf-partner.de\/portal\/wp-json\/wp\/v2\/users\/1"}],"replies":[{"embeddable":true,"href":"http:\/\/kanzlei-wolf-partner.de\/portal\/wp-json\/wp\/v2\/comments?post=195"}],"version-history":[{"count":23,"href":"http:\/\/kanzlei-wolf-partner.de\/portal\/wp-json\/wp\/v2\/pages\/195\/revisions"}],"predecessor-version":[{"id":293,"href":"http:\/\/kanzlei-wolf-partner.de\/portal\/wp-json\/wp\/v2\/pages\/195\/revisions\/293"}],"wp:attachment":[{"href":"http:\/\/kanzlei-wolf-partner.de\/portal\/wp-json\/wp\/v2\/media?parent=195"}],"curies":[{"name":"wp","href":"https:\/\/api.w.org\/{rel}","templated":true}]}}