{"id":226,"date":"2017-04-11T12:33:02","date_gmt":"2017-04-11T10:33:02","guid":{"rendered":"http:\/\/red-bloody-ink.de\/?page_id=226"},"modified":"2017-04-12T15:55:06","modified_gmt":"2017-04-12T13:55:06","slug":"immobilien","status":"publish","type":"page","link":"http:\/\/kanzlei-wolf-partner.de\/portal\/immobilien\/","title":{"rendered":"Immobilien"},"content":{"rendered":"<div id=\"pl-226\"  class=\"panel-layout\" ><div id=\"pg-226-0\"  class=\"panel-grid panel-no-style\" ><div id=\"pgc-226-0-0\"  class=\"panel-grid-cell\" ><div id=\"panel-226-0-0-0\" class=\"so-panel widget widget_text panel-first-child panel-last-child\" data-index=\"0\" ><div class=\"panel-widget-style panel-widget-style-for-226-0-0-0\" ><h3 class=\"widget-title\">Immobilien<\/h3>\t\t\t<div class=\"textwidget\">\nSuchen Sie sich in Ruhe Ihre Immobilie aus, die f\u00fcr Sie von Interesse ist. Klicken Sie auf Kontakt, wenn Ihnen das Angebot zusagt und f\u00fcllen bitte die gew\u00fcnschten Felder aus<\/div>\n\t\t<\/div><\/div><\/div><div id=\"pgc-226-0-1\"  class=\"panel-grid-cell\" ><div id=\"panel-226-0-1-0\" class=\"so-panel widget widget_text panel-first-child panel-last-child\" data-index=\"1\" >\t\t\t<div class=\"textwidget\"><iframe src=\"https:\/\/mpframe.davando.de\/patronius\" height=\"600 px\" width=\"100%\" frameborder=\"0\">\nIhr verwendeter Browser unterst\u00fctzt keine Inlineframes.\n<\/iframe>\n<\/div>\n\t\t<\/div><\/div><\/div><\/div>","protected":false},"excerpt":{"rendered":"<p>Suchen Sie sich in Ruhe Ihre Immobilie aus, die f\u00fcr Sie von Interesse ist. Klicken Sie auf Kontakt, wenn Ihnen das Angebot zusagt und f\u00fcllen bitte die gew\u00fcnschten Felder aus Ihr verwendeter Browser unterst\u00fctzt keine Inlineframes.<\/p>\n","protected":false},"author":1,"featured_media":0,"parent":0,"menu_order":0,"comment_status":"closed","ping_status":"closed","template":"","meta":[],"_links":{"self":[{"href":"http:\/\/kanzlei-wolf-partner.de\/portal\/wp-json\/wp\/v2\/pages\/226"}],"collection":[{"href":"http:\/\/kanzlei-wolf-partner.de\/portal\/wp-json\/wp\/v2\/pages"}],"about":[{"href":"http:\/\/kanzlei-wolf-partner.de\/portal\/wp-json\/wp\/v2\/types\/page"}],"author":[{"embeddable":true,"href":"http:\/\/kanzlei-wolf-partner.de\/portal\/wp-json\/wp\/v2\/users\/1"}],"replies":[{"embeddable":true,"href":"http:\/\/kanzlei-wolf-partner.de\/portal\/wp-json\/wp\/v2\/comments?post=226"}],"version-history":[{"count":5,"href":"http:\/\/kanzlei-wolf-partner.de\/portal\/wp-json\/wp\/v2\/pages\/226\/revisions"}],"predecessor-version":[{"id":244,"href":"http:\/\/kanzlei-wolf-partner.de\/portal\/wp-json\/wp\/v2\/pages\/226\/revisions\/244"}],"wp:attachment":[{"href":"http:\/\/kanzlei-wolf-partner.de\/portal\/wp-json\/wp\/v2\/media?parent=226"}],"curies":[{"name":"wp","href":"https:\/\/api.w.org\/{rel}","templated":true}]}}